{"id":67863,"date":"2018-02-13T11:42:43","date_gmt":"2018-02-13T10:42:43","guid":{"rendered":"http:\/\/rdd.at\/?page_id=67863"},"modified":"2022-12-13T14:54:34","modified_gmt":"2022-12-13T13:54:34","slug":"imprint","status":"publish","type":"page","link":"http:\/\/rdd.at\/en\/imprint\/","title":{"rendered":"Imprint"},"content":{"rendered":"[vc_row full_width=&#8221;stretch_row_content_no_spaces&#8221; column_spacing=&#8221;0px&#8221; wpex_fixed_bg=&#8221;fixed-top&#8221; css=&#8221;.vc_custom_1518423932013{background-image: url(http:\/\/rdd.at\/wp-content\/uploads\/2018\/02\/rdd_header_ueber-uns.jpg?id=67589) !important;background-position: center !important;background-repeat: no-repeat !important;background-size: cover !important;}&#8221; min_height=&#8221;500&#8243; wpex_bg_position=&#8221;center -100px&#8221;][vc_column visibility=&#8221;visible-desktop&#8221;][\/vc_column][\/vc_row][vc_row column_spacing=&#8221;0px&#8221;][vc_column width=&#8221;1\/3&#8243; css=&#8221;.vc_custom_1518447034068{background-color: #fffd55 !important;}&#8221;][vc_column_text italic=&#8221;true&#8221; css=&#8221;.vc_custom_1522935183897{margin-top: -50px !important;padding-top: 40px !important;padding-right: 40px !important;padding-bottom: 40px !important;padding-left: 40px !important;background-color: #ffff03 !important;}&#8221; font_weight=&#8221;100&#8243; font_size=&#8221;50&#8243;]Imprint[\/vc_column_text][\/vc_column][vc_column width=&#8221;2\/3&#8243;][\/vc_column][\/vc_row][vc_row][vc_column]<div class=\"vcex-spacing wpex-w-100 wpex-clear\" style=\"height:50px;\"><\/div>[\/vc_column][\/vc_row][vc_row][vc_column width=&#8221;1\/6&#8243;][\/vc_column][vc_column width=&#8221;2\/3&#8243;][vc_row_inner][vc_column_inner][vc_column_text font_size=&#8221;30&#8243;]\n<h3 style=\"text-align: center;\">RDD design network<\/h3>\n[\/vc_column_text][vc_column_text]\n<p style=\"text-align: center;\">Rainer Atzlinger<br \/>\nSchneegasse 19<br \/>\n4551 Ried\/Traunkreis, Austria<\/p>\n<p style=\"text-align: center;\">M. +43 (0) 664 \/ 16 18 110<\/p>\n[\/vc_column_text]<div class=\"vcex-spacing wpex-w-100 wpex-clear\"><\/div>[\/vc_column_inner][\/vc_row_inner][vc_btn title=&#8221;office@rdd.at&#8221; style=&#8221;gradient-custom&#8221; gradient_custom_color_1=&#8221;#ffff03&#8243; gradient_custom_color_2=&#8221;#ffff03&#8243; gradient_text_color=&#8221;#000000&#8243; shape=&#8221;square&#8221; align=&#8221;center&#8221; link=&#8221;url:mailto%3Aoffice%40rdd.at|&#8221;][\/vc_column][vc_column width=&#8221;1\/6&#8243;][\/vc_column][\/vc_row][vc_row][vc_column width=&#8221;1\/4&#8243;][\/vc_column][vc_column width=&#8221;1\/4&#8243;][vc_column_text]\n<h3>Industriedesign<\/h3>\n[\/vc_column_text][vc_column_text]Mag. Rainer Atzlinger<\/p>\n<p>T. +43 7588 \/ 6333<br \/>\nE-Mail: <a href=\"mailto:office@rdd.at\" target=\"_blank\" rel=\"noopener noreferrer\">office@rdd.at<\/a><br \/>\nUID-Nummer: ATU59266715<\/p>\n<p>Mitglied bei:<a href=\"http:\/\/www.designaustria.at\"><img loading=\"lazy\" decoding=\"async\" class=\"alignnone wp-image-68228\" src=\"http:\/\/rdd.at\/wp-content\/uploads\/2018\/04\/logo_designaustria-schwarz.png\" alt=\"\" width=\"102\" height=\"34\" \/><\/a>[\/vc_column_text][\/vc_column][vc_column width=&#8221;1\/4&#8243;][vc_column_text]\n<h3>Product Design and Graphic<\/h3>\n[\/vc_column_text][vc_column_text]DI (FH) Mathias Schasch\u00e9<\/p>\n<p>T. +43 676 \/ 9647681<br \/>\nE-Mail: <a href=\"mailto:office@rdd.at\" target=\"_blank\" rel=\"noopener noreferrer\">office@rdd.at<\/a><br \/>\nUID-Nummer: ATU73852734<\/p>\n[\/vc_column_text][\/vc_column][vc_column width=&#8221;1\/4&#8243;][\/vc_column][\/vc_row][vc_row][vc_column][vc_column_text]\n<h3>Haftungsausschluss<\/h3>\n[\/vc_column_text][vc_column_text]Dieser Haftungsausschluss ist als Teil des Internetangebotes zu betrachten, von dem aus auf diese Webseite\u00a0verwiesen wurde. Sofern Teile oder einzelne Formulierungen dieses Textes der geltenden Rechtslage nicht, nicht mehr oder nicht vollst\u00e4ndig entsprechen sollten, bleiben die \u00fcbrigen Teile des Dokumentes in ihrem Inhalt und ihrer G\u00fcltigkeit davon unber\u00fchrt.[\/vc_column_text][\/vc_column][\/vc_row][vc_row][vc_column][vc_column_text]\n<h3>Haftung f\u00fcr Inhalte dieser Webseite<\/h3>\n[\/vc_column_text][vc_column_text]Die Inhalte unserer Seiten wurden mit gr\u00f6\u00dfter Sorgfalt erstellt. F\u00fcr die Richtigkeit, Vollst\u00e4ndigkeit und Aktualit\u00e4t der Inhalte k\u00f6nnen wir jedoch keine Gew\u00e4hr \u00fcbernehmen. Als Dienstanbieter sind wir f\u00fcr eigene Inhalte auf diesen Seiten nach den allgemeinen Gesetzen verantwortlich. Wir sind jedoch nicht verpflichtet, \u00fcbermittelte oder gespeicherte fremde Informationen zu \u00fcberwachen oder nach Umst\u00e4nden zu forschen, die auf eine rechtswidrige T\u00e4tigkeit hinweisen. Verpflichtungen zur Entfernung oder Sperrung der Nutzung von Informationen nach den allgemeinen Gesetzen bleiben hiervon unber\u00fchrt. Eine diesbez\u00fcgliche Haftung ist jedoch erst ab dem Zeitpunkt der Kenntnis einer konkreten Rechtsverletzung m\u00f6glich. Bei Bekanntwerden von entsprechenden Rechtsverletzungen werden wir diese Inhalte umgehend entfernen.[\/vc_column_text][\/vc_column][\/vc_row][vc_row][vc_column][vc_column_text]\n<h3>Haftung f\u00fcr Links auf Webseiten Dritter<\/h3>\n[\/vc_column_text][vc_column_text]Unser Angebot enth\u00e4lt Links zu externen Websites. Auf den Inhalt dieser externen Webseiten haben wir keinerlei Einfluss. Deshalb k\u00f6nnen wir f\u00fcr diese fremden Inhalte auch keine Gew\u00e4hr \u00fcbernehmen. F\u00fcr die Inhalte der verlinkten Seiten ist stets der jeweilige Anbieter oder Betreiber der Seiten verantwortlich. Die verlinkten Seiten wurden zum Zeitpunkt der Verlinkung auf m\u00f6gliche Rechtsverst\u00f6\u00dfe \u00fcberpr\u00fcft. Rechtswidrige Inhalte waren zum Zeitpunkt der Verlinkung nicht erkennbar. Eine permanente inhaltliche Kontrolle der verlinkten Seiten ist jedoch ohne konkrete Anhaltspunkte einer Rechtsverletzung nicht zumutbar. Bei Bekanntwerden von Rechtsverletzungen werden wir derartige Links umgehend entfernen.[\/vc_column_text][\/vc_column][\/vc_row][vc_row][vc_column][vc_column_text]\n<h3>Urheberrecht<\/h3>\n[\/vc_column_text][vc_column_text]Die Betreiber dieser Webseite\u00a0sind bem\u00fcht, stets die Urheberrechte anderer zu beachten bzw. auf selbst erstellte sowie lizenzfreie Werke zur\u00fcckzugreifen. Die durch die Seitenbetreiber erstellten Inhalte und Werke auf dieser Webseite unterliegen dem Urheberrecht. Beitr\u00e4ge Dritter sind als solche gekennzeichnet. Die Vervielf\u00e4ltigung, Bearbeitung, Verbreitung und jede Art der Verwertung au\u00dferhalb der Grenzen des Urheberrechtes bed\u00fcrfen der schriftlichen Zustimmung des jeweiligen Autors bzw. Erstellers. Downloads und Kopien dieser Seite sind nur f\u00fcr den privaten, nicht kommerziellen Gebrauch gestattet.[\/vc_column_text][\/vc_column][\/vc_row][vc_row][vc_column][vc_column_text]\n<h3>Datenschutzerkl\u00e4rung<\/h3>\n[\/vc_column_text][vc_column_text]Wir legen gro\u00dfen Wert auf den Schutz Ihrer Daten. Um Sie in vollem Umfang \u00fcber die Verwendung personenbezogener Daten zu informieren, bitten wir Sie die folgenden Datenschutzhinweise zur Kenntnis zu nehmen.[\/vc_column_text][\/vc_column][\/vc_row][vc_row][vc_column][vc_column_text]\n<h3>Pers\u00f6nliche Daten<\/h3>\n[\/vc_column_text][vc_column_text]Pers\u00f6nliche Daten, die Sie auf dieser\u00a0Website elektronisch \u00fcbermitteln, wie zum Beispiel Name, E-Mail-Adresse, Adresse\u00a0oder andere pers\u00f6nlichen Angaben, werden von uns nur zum jeweils angegebenen Zweck verwendet, sicher verwahrt und nicht an Dritte weitergegeben. Der Provider erhebt und speichert automatisch Informationen am Webserver wie verwendeter Browser, Betriebssystem, Verweisseite, IP-Adresse, Uhrzeit des Zugriffs usw. Diese Daten k\u00f6nnen ohne Pr\u00fcfung weiterer Datenquellen keinen bestimmten Personen zugeordnet werden und wir werten diese Daten auch nicht weiter aus solange keine rechtswidrige Nutzung unserer Webseite vorliegt.[\/vc_column_text][\/vc_column][\/vc_row][vc_row][vc_column][vc_column_text]\n<h3>Datenschutzerkl\u00e4rung f\u00fcr die Nutzung von Google Analytics<\/h3>\n[\/vc_column_text][vc_column_text]Diese Website benutzt Google Analytics, einen Webanalysedienst der Google Inc. (\u201eGoogle\u201c). Google Analytics verwendet sog. \u201eCookies\u201c, Textdateien, die auf Ihrem Computer gespeichert werden und die eine Analyse der Benutzung der Website durch Sie erm\u00f6glichen. Die durch den Cookie erzeugten Informationen \u00fcber Ihre Benutzung dieser Website werden in der Regel an einen Server von Google in den USA \u00fcbertragen und dort gespeichert. Im Falle der Aktivierung der IP-Anonymisierung auf dieser Webseite, wird Ihre IP-Adresse von Google jedoch innerhalb von Mitgliedstaaten der Europ\u00e4ischen Union oder in anderen Vertragsstaaten des Abkommens \u00fcber den Europ\u00e4ischen Wirtschaftsraum zuvor gek\u00fcrzt. Nur in Ausnahmef\u00e4llen wird die volle IP-Adresse an einen Server von Google in den USA \u00fcbertragen und dort gek\u00fcrzt. Im Auftrag des Betreibers dieser Website wird Google diese Informationen benutzen, um Ihre Nutzung der Website auszuwerten, um Reports \u00fcber die Websiteaktivit\u00e4ten zusammenzustellen und um weitere mit der Websitenutzung und der Internetnutzung verbundene Dienstleistungen gegen\u00fcber dem Websitebetreiber zu erbringen. Die im Rahmen von Google Analytics von Ihrem Browser \u00fcbermittelte IP-Adresse wird nicht mit anderen Daten von Google zusammengef\u00fchrt. Sie k\u00f6nnen die Speicherung der Cookies durch eine entsprechende Einstellung Ihrer Browser-Software verhindern; wir weisen Sie jedoch darauf hin, dass Sie in diesem Fall gegebenenfalls nicht s\u00e4mtliche Funktionen dieser Website vollumf\u00e4nglich werden nutzen k\u00f6nnen. Sie k\u00f6nnen dar\u00fcber hinaus die Erfassung der durch das Cookie erzeugten und auf Ihre Nutzung der Website bezogenen Daten (inkl. Ihrer IP-Adresse) an Google sowie die Verarbeitung dieser Daten durch Google verhindern, indem sie das unter dem folgenden Link (<a href=\"http:\/\/tools.google.com\/dlpage\/gaoptout?hl=de\">http:\/\/tools.google.com\/dlpage\/gaoptout?hl=de<\/a>) verf\u00fcgbare Browser-Plugin herunterladen und installieren.<\/p>\n<p>N\u00e4here Informationen zu Nutzungsbedingungen und Datenschutz finden Sie unter\u00a0<a href=\"http:\/\/www.google.com\/analytics\/terms\/de.html\">http:\/\/www.google.com\/analytics\/terms\/de.html<\/a>\u00a0bzw. unter\u00a0<a href=\"https:\/\/support.google.com\/analytics\/answer\/6004245?hl=de\">https:\/\/support.google.com\/analytics\/answer\/6004245?hl=de<\/a>. Wir weisen Sie darauf hin, dass auf dieser Webseite Google Analytics um den Code \u201egat._anonymizeIp();\u201c erweitert wurde, um eine anonymisierte Erfassung von IP-Adressen (sog. IP-Masking) zu gew\u00e4hrleisten.[\/vc_column_text][\/vc_column][\/vc_row][vc_row][vc_column][vc_column_text]\n<h3>Datenschutzerkl\u00e4rung f\u00fcr die Nutzung von Facebook<\/h3>\n[\/vc_column_text][vc_column_text]Auf unseren Seiten sind Plugins des sozialen Netzwerks Facebook, 1601 South California Avenue, Palo Alto, CA 94304, USA integriert. Die Facebook-Plugins erkennen Sie an dem Facebook-Logo oder dem \u201eLike-Button\u201c (\u201eGef\u00e4llt mir\u201c) auf unserer Seite. Eine \u00dcbersicht \u00fcber die Facebook-Plugins finden Sie hier:\u00a0<a href=\"https:\/\/developers.facebook.com\/docs\/plugins\/\">https:\/\/developers.facebook.com\/docs\/plugins\/<\/a>.<\/p>\n<p>Wenn Sie unsere Seiten besuchen, wird \u00fcber das Plugin eine direkte Verbindung zwischen Ihrem Browser und dem Facebook-Server hergestellt. Facebook erh\u00e4lt dadurch die Information, dass Sie mit Ihrer IP-Adresse unsere Seite besucht haben. Wenn Sie den Facebook \u201eLike-Button\u201c anklicken w\u00e4hrend Sie in Ihrem Facebook-Account eingeloggt sind, k\u00f6nnen Sie die Inhalte unserer Seiten auf Ihrem Facebook-Profil verlinken. Dadurch kann Facebook den Besuch unserer Seiten Ihrem Benutzerkonto zuordnen. Wir weisen darauf hin, dass wir als Anbieter der Seiten keine Kenntnis vom Inhalt der \u00fcbermittelten Daten sowie deren Nutzung durch Facebook erhalten. Weitere Informationen hierzu finden Sie in der Datenschutzerkl\u00e4rung von Facebook unter\u00a0<a href=\"https:\/\/www.facebook.com\/policy.php\">https:\/\/www.facebook.com\/policy.php<\/a>\u00a0Wenn Sie nicht w\u00fcnschen, dass Facebook den Besuch unserer Seiten Ihrem Facebook- Nutzerkonto zuordnen\u00a0kann, loggen Sie sich bitte aus Ihrem Facebook-Benutzerkonto aus.[\/vc_column_text][\/vc_column][\/vc_row][vc_row][vc_column][vc_column_text]\n<h3>Datenschutzerkl\u00e4rung f\u00fcr die Nutzung von Instagram<\/h3>\n[\/vc_column_text][vc_column_text]Auf unserer Webseite sind Funktionen des Dienstes Instagram eingebunden. Diese Funktionen werden angeboten durch die Instagram Inc., 1601 Willow Road, Menlo Park, CA, 94025, USA integriert. Wenn Sie in Ihren Instagram-Account eingeloggt sind, k\u00f6nnen Sie durch Anklicken des Instagram-Buttons die Inhalte unserer Seiten mit Ihrem Instagram-Profil verlinken. Dadurch kann Instagram den Besuch unserer Seiten Ihrem Benutzerkonto zuordnen. Wir weisen darauf hin, dass wir als Anbieter der Seiten keine Kenntnis vom Inhalt der \u00fcbermittelten Daten sowie deren Nutzung durch Instagram erhalten.<br \/>\nWeitere Informationen hierzu finden Sie in der Datenschutzerkl\u00e4rung von Instagram auf\u00a0<a href=\"https:\/\/www.instagram.com\/about\/legal\/privacy\/\">https:\/\/www.instagram.com\/about\/legal\/privacy\/<\/a>.[\/vc_column_text][\/vc_column][\/vc_row][vc_row][vc_column]<div class=\"vcex-spacing wpex-w-100 wpex-clear\" style=\"height:50px;\"><\/div>[\/vc_column][\/vc_row]\n","protected":false},"excerpt":{"rendered":"<p>[vc_row full_width=&#8221;stretch_row_content_no_spaces&#8221; column_spacing=&#8221;0px&#8221; wpex_fixed_bg=&#8221;fixed-top&#8221; css=&#8221;.vc_custom_1518423932013{background-image: url(http:\/\/rdd.at\/wp-content\/uploads\/2018\/02\/rdd_header_ueber-uns.jpg?id=67589) !important;background-position: center !important;background-repeat: no-repeat !important;background-size: cover !important;}&#8221; min_height=&#8221;500&#8243; wpex_bg_position=&#8221;center -100px&#8221;][vc_column visibility=&#8221;visible-desktop&#8221;][\/vc_column][\/vc_row][vc_row column_spacing=&#8221;0px&#8221;][vc_column width=&#8221;1\/3&#8243; css=&#8221;.vc_custom_1518447034068{background-color: #fffd55 !important;}&#8221;][vc_column_text italic=&#8221;true&#8221; css=&#8221;.vc_custom_1522935183897{margin-top: -50px !important;padding-top: 40px !important;padding-right: 40px !important;padding-bottom: 40px !important;padding-left: 40px !important;background-color: #ffff03 !important;}&#8221; font_weight=&#8221;100&#8243; font_size=&#8221;50&#8243;]Imprint[\/vc_column_text][\/vc_column][vc_column width=&#8221;2\/3&#8243;][\/vc_column][\/vc_row][vc_row][vc_column][\/vc_column][\/vc_row][vc_row][vc_column width=&#8221;1\/6&#8243;][\/vc_column][vc_column width=&#8221;2\/3&#8243;][vc_row_inner][vc_column_inner][vc_column_text font_size=&#8221;30&#8243;] RDD design network [\/vc_column_text][vc_column_text] Rainer Atzlinger Schneegasse 19 4551 Ried\/Traunkreis, Austria M. +43&hellip;<\/p>\n","protected":false},"author":1,"featured_media":0,"parent":0,"menu_order":0,"comment_status":"closed","ping_status":"closed","template":"templates\/no-sidebar.php","meta":{"footnotes":""},"class_list":["post-67863","page","type-page","status-publish","hentry","entry","no-media"],"_links":{"self":[{"href":"http:\/\/rdd.at\/en\/wp-json\/wp\/v2\/pages\/67863","targetHints":{"allow":["GET"]}}],"collection":[{"href":"http:\/\/rdd.at\/en\/wp-json\/wp\/v2\/pages"}],"about":[{"href":"http:\/\/rdd.at\/en\/wp-json\/wp\/v2\/types\/page"}],"author":[{"embeddable":true,"href":"http:\/\/rdd.at\/en\/wp-json\/wp\/v2\/users\/1"}],"replies":[{"embeddable":true,"href":"http:\/\/rdd.at\/en\/wp-json\/wp\/v2\/comments?post=67863"}],"version-history":[{"count":8,"href":"http:\/\/rdd.at\/en\/wp-json\/wp\/v2\/pages\/67863\/revisions"}],"predecessor-version":[{"id":68824,"href":"http:\/\/rdd.at\/en\/wp-json\/wp\/v2\/pages\/67863\/revisions\/68824"}],"wp:attachment":[{"href":"http:\/\/rdd.at\/en\/wp-json\/wp\/v2\/media?parent=67863"}],"curies":[{"name":"wp","href":"https:\/\/api.w.org\/{rel}","templated":true}]}}